{"id":2,"date":"2016-05-10T03:48:21","date_gmt":"2016-05-10T03:48:21","guid":{"rendered":"https:\/\/bsi-wachsmaschinen.de\/?page_id=2"},"modified":"2024-11-23T09:02:17","modified_gmt":"2024-11-23T09:02:17","slug":"sample-page","status":"publish","type":"page","link":"https:\/\/bsi-wachsmaschinen.de\/","title":{"rendered":"BSI-Wachsmaschinen.de"},"content":{"rendered":"\n<p>Servicemaschinen f\u00fcr Ski und Snowboard<\/p>\n\n\n<p>Hallo, unser Webauftritt ist bald wieder verf\u00fcgbar.<\/p>\n<p>Aber wir sind weiterhin f\u00fcr sie da.<\/p>\n<p>&nbsp;<\/p>\n<p>Sie erreichen uns wie gewohnt unter<\/p>\n<p>b-s-i at t-online.de<\/p>\n\n\n<figure class=\"wp-block-image size-large\"><img loading=\"lazy\" decoding=\"async\" width=\"731\" height=\"1024\" src=\"https:\/\/bsi-wachsmaschinen.de\/wp-content\/uploads\/2024\/11\/01-731x1024.jpg\" alt=\"\" class=\"wp-image-9\" srcset=\"https:\/\/bsi-wachsmaschinen.de\/wp-content\/uploads\/2024\/11\/01-731x1024.jpg 731w, https:\/\/bsi-wachsmaschinen.de\/wp-content\/uploads\/2024\/11\/01-214x300.jpg 214w, https:\/\/bsi-wachsmaschinen.de\/wp-content\/uploads\/2024\/11\/01-768x1076.jpg 768w, https:\/\/bsi-wachsmaschinen.de\/wp-content\/uploads\/2024\/11\/01-1096x1536.jpg 1096w, https:\/\/bsi-wachsmaschinen.de\/wp-content\/uploads\/2024\/11\/01-1461x2048.jpg 1461w, https:\/\/bsi-wachsmaschinen.de\/wp-content\/uploads\/2024\/11\/01.jpg 1512w\" sizes=\"auto, (max-width: 731px) 100vw, 731px\" \/><figcaption class=\"wp-element-caption\">\u201e<a href=\"https:\/\/www.flickr.com\/photos\/136485307@N06\/21079038503\" target=\"_blank\" rel=\"noreferrer noopener\">AS12-46-6811<\/a>\u201c von <a href=\"https:\/\/www.flickr.com\/photos\/136485307@N06\" target=\"_blank\" rel=\"noreferrer noopener\">Apollo Image Gallery<\/a>\/ <a href=\"https:\/\/creativecommons.org\/publicdomain\/mark\/1.0\/?ref=openverse\" target=\"_blank\" rel=\"noreferrer noopener\">pdm 1.0<\/a><\/figcaption><\/figure>\n","protected":false},"excerpt":{"rendered":"<p>Servicemaschinen f\u00fcr Ski und Snowboard Hallo, unser Webauftritt ist bald wieder verf\u00fcgbar. Aber wir sind weiterhin f\u00fcr sie da. &nbsp; Sie erreichen uns wie gewohnt unter b-s-i at t-online.de<\/p>\n","protected":false},"author":1,"featured_media":0,"parent":0,"menu_order":1,"comment_status":"closed","ping_status":"closed","template":"","meta":{"kt_blocks_editor_width":"","footnotes":""},"class_list":["post-2","page","type-page","status-publish","hentry"],"jetpack_sharing_enabled":true,"_links":{"self":[{"href":"https:\/\/bsi-wachsmaschinen.de\/index.php?rest_route=\/wp\/v2\/pages\/2","targetHints":{"allow":["GET"]}}],"collection":[{"href":"https:\/\/bsi-wachsmaschinen.de\/index.php?rest_route=\/wp\/v2\/pages"}],"about":[{"href":"https:\/\/bsi-wachsmaschinen.de\/index.php?rest_route=\/wp\/v2\/types\/page"}],"author":[{"embeddable":true,"href":"https:\/\/bsi-wachsmaschinen.de\/index.php?rest_route=\/wp\/v2\/users\/1"}],"replies":[{"embeddable":true,"href":"https:\/\/bsi-wachsmaschinen.de\/index.php?rest_route=%2Fwp%2Fv2%2Fcomments&post=2"}],"version-history":[{"count":3,"href":"https:\/\/bsi-wachsmaschinen.de\/index.php?rest_route=\/wp\/v2\/pages\/2\/revisions"}],"predecessor-version":[{"id":12,"href":"https:\/\/bsi-wachsmaschinen.de\/index.php?rest_route=\/wp\/v2\/pages\/2\/revisions\/12"}],"wp:attachment":[{"href":"https:\/\/bsi-wachsmaschinen.de\/index.php?rest_route=%2Fwp%2Fv2%2Fmedia&parent=2"}],"curies":[{"name":"wp","href":"https:\/\/api.w.org\/{rel}","templated":true}]}}